{"id":8107,"date":"2024-10-22T09:55:47","date_gmt":"2024-10-22T07:55:47","guid":{"rendered":"https:\/\/surgiwell.de\/empresa\/"},"modified":"2025-01-14T09:38:30","modified_gmt":"2025-01-14T08:38:30","slug":"empresa","status":"publish","type":"page","link":"https:\/\/surgiwell.de\/es\/empresa\/","title":{"rendered":"Empresa"},"content":{"rendered":"<p>[et_pb_section fb_built=\u00bb1&#8243; _builder_version=\u00bb4.27.4&#8243; _module_preset=\u00bbdefault\u00bb use_background_color_gradient=\u00bbon\u00bb background_color_gradient_stops=\u00bb#194453 0%|rgba(25,68,83,0.41) 100%\u00bb background_color_gradient_overlays_image=\u00bbon\u00bb background_image=\u00bbhttps:\/\/surgiwell.de\/wp-content\/uploads\/2024\/11\/fahnen_surgiwell.webp\u00bb custom_padding=\u00bb||297px|||\u00bb global_colors_info=\u00bb{}\u00bb][et_pb_row _builder_version=\u00bb4.27.3&#8243; _module_preset=\u00bbdefault\u00bb custom_margin=\u00bb89px|auto||auto||\u00bb global_colors_info=\u00bb{}\u00bb][et_pb_column type=\u00bb4_4&#8243; _builder_version=\u00bb4.27.3&#8243; _module_preset=\u00bbdefault\u00bb global_colors_info=\u00bb{}\u00bb][et_pb_text _builder_version=\u00bb4.27.4&#8243; _module_preset=\u00bbdefault\u00bb global_colors_info=\u00bb{}\u00bb header_text_color=\u00bb#FFFFFF\u00bb header_font_size_last_edited=\u00bbon|desktop\u00bb hover_enabled=\u00bb0&#8243; sticky_enabled=\u00bb0&#8243;]<\/p>\n<h1>Tecnolog\u00eda m\u00e9dica de SURGIWELL<\/h1>\n<p>[\/et_pb_text][et_pb_text _builder_version=\u00bb4.27.3&#8243; _module_preset=\u00bb3e83f499-176e-4acc-8640-6af9b2812c42&#8243; text_font=\u00bb&#8211;et_global_body_font||||||||\u00bb text_text_color=\u00bb#FFFFFF\u00bb text_font_size=\u00bb1.8em\u00bb text_line_height=\u00bb1.5em\u00bb custom_margin=\u00bb||44px|||\u00bb text_font_size_tablet=\u00bb1.5em\u00bb text_font_size_phone=\u00bb1.3em\u00bb text_font_size_last_edited=\u00bbon|phone\u00bb global_colors_info=\u00bb{}\u00bb]<\/p>\n<p>Socio de tecnolog\u00eda m\u00e9dica e instrumentos quir\u00fargicos de Tuttlingen.<br \/>\u00a1Calidad e innovaci\u00f3n desde hace m\u00e1s de 30 a\u00f1os!<\/p>\n<p>[\/et_pb_text][\/et_pb_column][\/et_pb_row][\/et_pb_section][et_pb_section fb_built=\u00bb1&#8243; admin_label=\u00bbFeature\u00bb _builder_version=\u00bb4.20.0&#8243; _module_preset=\u00bbdefault\u00bb collapsed=\u00bbon\u00bb global_colors_info=\u00bb{}\u00bb][et_pb_row _builder_version=\u00bb4.27.2&#8243; _module_preset=\u00bbdefault\u00bb custom_padding=\u00bb||7px|||\u00bb global_colors_info=\u00bb{}\u00bb][et_pb_column type=\u00bb4_4&#8243; _builder_version=\u00bb4.20.0&#8243; _module_preset=\u00bbdefault\u00bb global_colors_info=\u00bb{}\u00bb][et_pb_text _builder_version=\u00bb4.27.4&#8243; _module_preset=\u00bb3fc6c432-98f6-403d-a495-cb7b8bfc2639&#8243; header_font=\u00bb&#8211;et_global_heading_font|700|||||||\u00bb header_text_color=\u00bb#FFFFFF\u00bb header_2_font=\u00bb&#8211;et_global_heading_font|700|||||||\u00bb header_2_text_color=\u00bb#60BB44&#8243; header_2_font_size=\u00bb3em\u00bb header_2_line_height=\u00bb1.2em\u00bb custom_margin=\u00bb||10px||false|false\u00bb global_colors_info=\u00bb{}\u00bb]<\/p>\n<h2>Tecnolog\u00eda m\u00e9dica de Tuttlingen<\/h2>\n<p>[\/et_pb_text][\/et_pb_column][\/et_pb_row][et_pb_row column_structure=\u00bb1_2,1_2&#8243; _builder_version=\u00bb4.27.2&#8243; _module_preset=\u00bbdefault\u00bb global_colors_info=\u00bb{}\u00bb][et_pb_column type=\u00bb1_2&#8243; _builder_version=\u00bb4.20.0&#8243; _module_preset=\u00bbdefault\u00bb global_colors_info=\u00bb{}\u00bb][et_pb_text _builder_version=\u00bb4.27.2&#8243; _module_preset=\u00bb3e83f499-176e-4acc-8640-6af9b2812c42&#8243; text_font=\u00bb&#8211;et_global_body_font||||||||\u00bb text_text_color=\u00bb#074657&#8243; text_font_size=\u00bb1.3em\u00bb text_line_height=\u00bb1.5em\u00bb custom_margin=\u00bb||44px|||\u00bb text_font_size_tablet=\u00bb1.5em\u00bb text_font_size_phone=\u00bb1em\u00bb text_font_size_last_edited=\u00bbon|phone\u00bb global_colors_info=\u00bb{}\u00bb]<\/p>\n<p>SURGIWELL siempre se ha centrado en la introducci\u00f3n de nuevos productos y servicios orientados al cliente. Nuestra especializaci\u00f3n va mucho m\u00e1s all\u00e1 de la mera fabricaci\u00f3n de instrumentos quir\u00fargicos: la profunda experiencia de nuestros t\u00e9cnicos y artesanos nos permite ofrecer soluciones a medida para instrumentos especiales. Esto incluye un servicio integral al cliente, que incluye trabajos de mantenimiento y reparaci\u00f3n a petici\u00f3n.  <\/p>\n<p><strong>Nuestro equipo<\/strong> es mucho m\u00e1s que un simple proveedor de instrumentos quir\u00fargicos de alta precisi\u00f3n. Nos consideramos un socio que escucha atentamente las preocupaciones de nuestros clientes y ofrece soluciones personalizadas para cada reto. La estrecha colaboraci\u00f3n con nuestros clientes es una prioridad absoluta para nosotros y nos permite estar siempre cerca de las necesidades del mercado m\u00e9dico.  <\/p>\n<p><strong>La calidad<\/strong> es la base de nuestro trabajo. SURGIWELL trabaja conforme a un sistema de garant\u00eda de calidad totalmente integrado. Todos los productos se someten a exhaustivos controles antes de llegar a la fase de inspecci\u00f3n final. Nuestros instrumentos cumplen las normas de calidad m\u00e1s exigentes y llevan la marca CE. Las certificaciones seg\u00fan DIN ISO 9001:2008 y EN ISO 13485:2012 + AC:2012, as\u00ed como el cumplimiento de la Directiva 93\/42\/CEE subrayan nuestra pretensi\u00f3n de suministrar productos impecables y fiables.liefern.    <\/p>\n<p>SURGIWELL &#8211; su socio de confianza para soluciones innovadoras y de alta calidad en el sector m\u00e9dico.<\/p>\n<p>[\/et_pb_text][\/et_pb_column][et_pb_column type=\u00bb1_2&#8243; _builder_version=\u00bb4.20.0&#8243; _module_preset=\u00bbdefault\u00bb global_colors_info=\u00bb{}\u00bb][et_pb_image src=\u00bbhttps:\/\/surgiwell.de\/wp-content\/uploads\/2024\/12\/gebaeude_surgiwell.webp\u00bb title_text=\u00bbgebaeude_surgiwell\u00bb _builder_version=\u00bb4.27.4&#8243; _module_preset=\u00bbdefault\u00bb global_colors_info=\u00bb{}\u00bb][\/et_pb_image][et_pb_image src=\u00bbhttps:\/\/surgiwell.de\/wp-content\/uploads\/2023\/09\/IMG_4504.jpg\u00bb title_text=\u00bbIMG_4504&#8243; _builder_version=\u00bb4.27.4&#8243; _module_preset=\u00bbdefault\u00bb global_colors_info=\u00bb{}\u00bb][\/et_pb_image][et_pb_image src=\u00bbhttps:\/\/surgiwell.de\/wp-content\/uploads\/2024\/11\/IMG_1563-scaled-1.webp\u00bb title_text=\u00bbIMG_1563-scaled\u00bb _builder_version=\u00bb4.27.2&#8243; _module_preset=\u00bbdefault\u00bb global_colors_info=\u00bb{}\u00bb][\/et_pb_image][\/et_pb_column][\/et_pb_row][\/et_pb_section][et_pb_section fb_built=\u00bb1&#8243; admin_label=\u00bbFeature\u00bb _builder_version=\u00bb4.27.2&#8243; _module_preset=\u00bbdefault\u00bb use_background_color_gradient=\u00bbon\u00bb background_color_gradient_stops=\u00bb#074657 2%|rgba(76,163,146,0.08) 70%\u00bb background_color_gradient_overlays_image=\u00bbon\u00bb background_image=\u00bbhttps:\/\/surgiwell.de\/wp-content\/uploads\/2024\/10\/operation_1.webp\u00bb overflow-x=\u00bbhidden\u00bb overflow-y=\u00bbhidden\u00bb collapsed=\u00bbon\u00bb global_colors_info=\u00bb{}\u00bb][et_pb_row _builder_version=\u00bb4.27.2&#8243; _module_preset=\u00bbdefault\u00bb global_colors_info=\u00bb{}\u00bb][et_pb_column type=\u00bb4_4&#8243; _builder_version=\u00bb4.27.2&#8243; _module_preset=\u00bbdefault\u00bb global_colors_info=\u00bb{}\u00bb][et_pb_text _builder_version=\u00bb4.27.2&#8243; _module_preset=\u00bb3fc6c432-98f6-403d-a495-cb7b8bfc2639&#8243; header_font=\u00bb&#8211;et_global_heading_font|700|||||||\u00bb header_text_color=\u00bb#FFFFFF\u00bb header_3_text_color=\u00bb#1FE5D0&#8243; header_3_font_size=\u00bb3em\u00bb header_3_line_height=\u00bb1.3em\u00bb custom_margin=\u00bb||10px||false|false\u00bb global_colors_info=\u00bb{}\u00bb]<\/p>\n<h3>Tuttlingen: centro mundial de tecnolog\u00eda m\u00e9dica<\/h3>\n<p>[\/et_pb_text][\/et_pb_column][\/et_pb_row][et_pb_row column_structure=\u00bb3_5,2_5&#8243; _builder_version=\u00bb4.20.0&#8243; _module_preset=\u00bbdefault\u00bb global_colors_info=\u00bb{}\u00bb][et_pb_column type=\u00bb3_5&#8243; _builder_version=\u00bb4.20.0&#8243; _module_preset=\u00bbdefault\u00bb global_colors_info=\u00bb{}\u00bb][et_pb_text _builder_version=\u00bb4.27.2&#8243; _module_preset=\u00bb3e83f499-176e-4acc-8640-6af9b2812c42&#8243; text_font=\u00bb&#8211;et_global_body_font||||||||\u00bb text_text_color=\u00bb#FFFFFF\u00bb text_font_size=\u00bb1.3em\u00bb text_line_height=\u00bb1.5em\u00bb text_font_size_tablet=\u00bb1.5em\u00bb text_font_size_phone=\u00bb1em\u00bb text_font_size_last_edited=\u00bbon|phone\u00bb global_colors_info=\u00bb{}\u00bb]<\/p>\n<p>Tuttlingen, en Baden-W\u00fcrttemberg, est\u00e1 considerado un centro mundial de tecnolog\u00eda m\u00e9dica y desempe\u00f1a un papel destacado en la industria sanitaria internacional. Con m\u00e1s de 400 empresas y unos 8.000 puestos de trabajo, Tuttlingen es un importante centro de desarrollo y fabricaci\u00f3n de instrumentos y dispositivos m\u00e9dicos. La regi\u00f3n est\u00e1 especializada en instrumentos quir\u00fargicos, implantes y modernas soluciones de tecnolog\u00eda m\u00e9dica, y cuenta con numerosas peque\u00f1as y medianas empresas que se caracterizan por su gran fuerza innovadora y su alto nivel de calidad  <\/p>\n<p>La especial red entre empresas locales, proveedores y prestadores de servicios especializados ha dado lugar a una concentraci\u00f3n \u00fanica de conocimientos y experiencia. Esta estrecha cooperaci\u00f3n permite el desarrollo r\u00e1pido y flexible de nuevas tecnolog\u00edas y soluciones demandadas internacionalmente. Muchas de las empresas colaboran estrechamente con hospitales, institutos de investigaci\u00f3n y universidades para impulsar continuamente la innovaci\u00f3n y satisfacer las crecientes demandas del sector sanitario.  <\/p>\n<p>&nbsp;<\/p>\n<p>[\/et_pb_text][\/et_pb_column][et_pb_column type=\u00bb2_5&#8243; _builder_version=\u00bb4.20.0&#8243; _module_preset=\u00bbdefault\u00bb global_colors_info=\u00bb{}\u00bb][et_pb_image src=\u00bbhttps:\/\/surgiwell.de\/wp-content\/uploads\/2024\/11\/tuttlingen.webp\u00bb title_text=\u00bbtuttlingen\u00bb _builder_version=\u00bb4.27.2&#8243; _module_preset=\u00bbdefault\u00bb custom_margin=\u00bb|-30vw|||false|false\u00bb custom_margin_tablet=\u00bb|0vw|||false|false\u00bb custom_margin_phone=\u00bb|0vw|||false|false\u00bb custom_margin_last_edited=\u00bbon|tablet\u00bb scroll_horizontal_motion_enable=\u00bbon\u00bb scroll_horizontal_motion=\u00bb0|50|50|100|0.5|0|-0.5&#8243; locked=\u00bboff\u00bb global_colors_info=\u00bb{}\u00bb][\/et_pb_image][\/et_pb_column][\/et_pb_row][\/et_pb_section][et_pb_section fb_built=\u00bb1&#8243; admin_label=\u00bbServices\u00bb _builder_version=\u00bb4.20.0&#8243; _module_preset=\u00bbdefault\u00bb custom_padding=\u00bb||121px|||\u00bb collapsed=\u00bbon\u00bb global_colors_info=\u00bb{}\u00bb][et_pb_row _builder_version=\u00bb4.20.0&#8243; _module_preset=\u00bbdefault\u00bb global_colors_info=\u00bb{}\u00bb][et_pb_column type=\u00bb4_4&#8243; _builder_version=\u00bb4.20.0&#8243; _module_preset=\u00bbdefault\u00bb global_colors_info=\u00bb{}\u00bb][et_pb_text _builder_version=\u00bb4.27.2&#8243; _module_preset=\u00bb3fc6c432-98f6-403d-a495-cb7b8bfc2639&#8243; header_font=\u00bb&#8211;et_global_heading_font|700|||||||\u00bb header_text_color=\u00bb#FFFFFF\u00bb header_2_font=\u00bb&#8211;et_global_heading_font|600|||||||\u00bb header_2_text_color=\u00bb#60BB44&#8243; header_2_font_size=\u00bb3em\u00bb header_2_line_height=\u00bb1.2em\u00bb header_4_text_color=\u00bb#65B32E\u00bb header_4_font_size=\u00bb3em\u00bb custom_margin=\u00bb||10px||false|false\u00bb global_colors_info=\u00bb{}\u00bb]<\/p>\n<h4>Estamos a su disposici\u00f3n &#8211; Contacto y servicio<\/h4>\n<p>[\/et_pb_text][\/et_pb_column][\/et_pb_row][et_pb_row column_structure=\u00bb1_2,1_2&#8243; _builder_version=\u00bb4.20.0&#8243; _module_preset=\u00bbdefault\u00bb global_colors_info=\u00bb{}\u00bb][et_pb_column type=\u00bb1_2&#8243; _builder_version=\u00bb4.20.0&#8243; _module_preset=\u00bbdefault\u00bb global_colors_info=\u00bb{}\u00bb][et_pb_blurb title=\u00bbConsulta y asesoramiento\u00bb url=\u00bbhttps:\/\/surgiwell.de\/kontakt\/\u00bb use_icon=\u00bbon\u00bb font_icon=\u00bb&#x77;||divi||400&#8243; _builder_version=\u00bb4.27.2&#8243; _module_preset=\u00bb2d7a9ee2-2384-4a8f-8072-0e9d9c720657&#8243; header_font=\u00bb&#8211;et_global_heading_font|700|||||||\u00bb header_text_color=\u00bb#194453&#8243; header_font_size=\u00bb1.5em\u00bb body_font=\u00bb&#8211;et_global_body_font||||||||\u00bb body_text_color=\u00bb#074657&#8243; body_font_size=\u00bb1.3em\u00bb link_option_url=\u00bbhttps:\/\/surgiwell.de\/kontakt\/\u00bb locked=\u00bboff\u00bb global_colors_info=\u00bb{}\u00bb]<\/p>\n<p>Env\u00edenos un correo electr\u00f3nico a <a href=\"mailto:info@surgiwell.de\">info@surgiwell.de<\/a> o ll\u00e1menos: Tel\u00e9fono +49 7461 9645793 <\/p>\n<p>[\/et_pb_blurb][\/et_pb_column][et_pb_column type=\u00bb1_2&#8243; _builder_version=\u00bb4.20.0&#8243; _module_preset=\u00bbdefault\u00bb global_colors_info=\u00bb{}\u00bb][et_pb_blurb title=\u00bbServicio y descargas\u00bb url=\u00bbhttps:\/\/surgiwell.de\/service\/\u00bb use_icon=\u00bbon\u00bb font_icon=\u00bb&#x69;||divi||400&#8243; _builder_version=\u00bb4.27.2&#8243; _module_preset=\u00bb2d7a9ee2-2384-4a8f-8072-0e9d9c720657&#8243; header_font=\u00bb&#8211;et_global_heading_font|700|||||||\u00bb header_text_color=\u00bb#194453&#8243; header_font_size=\u00bb1.5em\u00bb body_font=\u00bb&#8211;et_global_body_font||||||||\u00bb body_text_color=\u00bb#074657&#8243; body_font_size=\u00bb1.3em\u00bb link_option_url=\u00bbhttps:\/\/surgiwell.de\/service\/\u00bb locked=\u00bboff\u00bb global_colors_info=\u00bb{}\u00bb]<\/p>\n<p>Aqu\u00ed encontrar\u00e1 m\u00e1s asistencia e informaci\u00f3n sobre nuestros productos.<\/p>\n<p>[\/et_pb_blurb][\/et_pb_column][\/et_pb_row][\/et_pb_section][et_pb_section fb_built=\u00bb1&#8243; admin_label=\u00bbFeature\u00bb _builder_version=\u00bb4.27.2&#8243; _module_preset=\u00bbdefault\u00bb use_background_color_gradient=\u00bbon\u00bb background_color_gradient_stops=\u00bb#074657 2%|rgba(76,163,146,0.08) 70%\u00bb background_color_gradient_overlays_image=\u00bbon\u00bb background_image=\u00bbhttps:\/\/surgiwell.de\/wp-content\/uploads\/2024\/10\/team_surgiwell.webp\u00bb overflow-x=\u00bbhidden\u00bb overflow-y=\u00bbhidden\u00bb custom_padding=\u00bb121px|||||\u00bb collapsed=\u00bbon\u00bb global_colors_info=\u00bb{}\u00bb][et_pb_row _builder_version=\u00bb4.27.2&#8243; _module_preset=\u00bbdefault\u00bb global_colors_info=\u00bb{}\u00bb][et_pb_column type=\u00bb4_4&#8243; _builder_version=\u00bb4.27.2&#8243; _module_preset=\u00bbdefault\u00bb global_colors_info=\u00bb{}\u00bb][et_pb_text _builder_version=\u00bb4.27.2&#8243; _module_preset=\u00bb3fc6c432-98f6-403d-a495-cb7b8bfc2639&#8243; header_font=\u00bb&#8211;et_global_heading_font|700|||||||\u00bb header_text_color=\u00bb#FFFFFF\u00bb header_3_text_color=\u00bb#1FE5D0&#8243; header_3_font_size=\u00bb3em\u00bb header_3_line_height=\u00bb1.3em\u00bb custom_margin=\u00bb||10px||false|false\u00bb global_colors_info=\u00bb{}\u00bb]<\/p>\n<h3>Su futuro con SURGIWELL<\/h3>\n<p>[\/et_pb_text][\/et_pb_column][\/et_pb_row][et_pb_row column_structure=\u00bb1_2,1_2&#8243; _builder_version=\u00bb4.20.0&#8243; _module_preset=\u00bbdefault\u00bb custom_padding=\u00bb||243px|||\u00bb global_colors_info=\u00bb{}\u00bb][et_pb_column type=\u00bb1_2&#8243; _builder_version=\u00bb4.20.0&#8243; _module_preset=\u00bbdefault\u00bb global_colors_info=\u00bb{}\u00bb][et_pb_text _builder_version=\u00bb4.27.2&#8243; _module_preset=\u00bb3e83f499-176e-4acc-8640-6af9b2812c42&#8243; text_font=\u00bb&#8211;et_global_body_font||||||||\u00bb text_text_color=\u00bb#FFFFFF\u00bb text_font_size=\u00bb1.3em\u00bb text_line_height=\u00bb1.5em\u00bb text_font_size_tablet=\u00bb1.5em\u00bb text_font_size_phone=\u00bb1em\u00bb text_font_size_last_edited=\u00bbon|phone\u00bb global_colors_info=\u00bb{}\u00bb]<\/p>\n<p>\u00a1D\u00e9 forma al futuro de la tecnolog\u00eda m\u00e9dica con nosotros! Forme parte de un equipo innovador que utiliza tecnolog\u00edas de vanguardia para mejorar la vida de millones de personas en todo el mundo. Descubra apasionantes oportunidades profesionales en un entorno din\u00e1mico.  <\/p>\n<p>[\/et_pb_text][et_pb_button button_url=\u00bbhttps:\/\/surgiwell.de\/es\/empleo\/\u00bb button_text=\u00bbEmpleo\u00bb _builder_version=\u00bb4.27.2&#8243; _module_preset=\u00bb1e808ad6-b814-4b04-bd67-507af4f146fb\u00bb button_text_color=\u00bb#FFFFFF\u00bb button_bg_color=\u00bb#1FE5D0&#8243; button_border_radius=\u00bb0px\u00bb global_colors_info=\u00bb{}\u00bb button_bg_color__hover_enabled=\u00bbon|hover\u00bb button_bg_color__hover=\u00bb#1FE5D0&#8243; button_bg_enable_color__hover=\u00bbon\u00bb][\/et_pb_button][\/et_pb_column][et_pb_column type=\u00bb1_2&#8243; _builder_version=\u00bb4.20.0&#8243; _module_preset=\u00bbdefault\u00bb global_colors_info=\u00bb{}\u00bb][\/et_pb_column][\/et_pb_row][\/et_pb_section]<\/p>\n","protected":false},"excerpt":{"rendered":"<p>Tecnolog\u00eda m\u00e9dica de SURGIWELLSocio de tecnolog\u00eda m\u00e9dica e instrumentos quir\u00fargicos de Tuttlingen.\u00a1Calidad e innovaci\u00f3n desde hace m\u00e1s de 30 a\u00f1os!Tecnolog\u00eda m\u00e9dica de TuttlingenSURGIWELL siempre se ha centrado en la introducci\u00f3n de nuevos productos y servicios orientados al cliente. Nuestra especializaci\u00f3n va mucho m\u00e1s all\u00e1 de la mera fabricaci\u00f3n de instrumentos quir\u00fargicos: la profunda experiencia de [&hellip;]<\/p>\n","protected":false},"author":7,"featured_media":0,"parent":0,"menu_order":0,"comment_status":"closed","ping_status":"closed","template":"","meta":{"_et_pb_use_builder":"on","_et_pb_old_content":"","_et_gb_content_width":"","footnotes":""},"class_list":["post-8107","page","type-page","status-publish","hentry"],"_links":{"self":[{"href":"https:\/\/surgiwell.de\/es\/wp-json\/wp\/v2\/pages\/8107","targetHints":{"allow":["GET"]}}],"collection":[{"href":"https:\/\/surgiwell.de\/es\/wp-json\/wp\/v2\/pages"}],"about":[{"href":"https:\/\/surgiwell.de\/es\/wp-json\/wp\/v2\/types\/page"}],"author":[{"embeddable":true,"href":"https:\/\/surgiwell.de\/es\/wp-json\/wp\/v2\/users\/7"}],"replies":[{"embeddable":true,"href":"https:\/\/surgiwell.de\/es\/wp-json\/wp\/v2\/comments?post=8107"}],"version-history":[{"count":2,"href":"https:\/\/surgiwell.de\/es\/wp-json\/wp\/v2\/pages\/8107\/revisions"}],"predecessor-version":[{"id":8109,"href":"https:\/\/surgiwell.de\/es\/wp-json\/wp\/v2\/pages\/8107\/revisions\/8109"}],"wp:attachment":[{"href":"https:\/\/surgiwell.de\/es\/wp-json\/wp\/v2\/media?parent=8107"}],"curies":[{"name":"wp","href":"https:\/\/api.w.org\/{rel}","templated":true}]}}