{"id":8075,"date":"2024-12-17T16:01:05","date_gmt":"2024-12-17T15:01:05","guid":{"rendered":"https:\/\/surgiwell.de\/productos\/"},"modified":"2025-01-14T09:54:23","modified_gmt":"2025-01-14T08:54:23","slug":"productos","status":"publish","type":"page","link":"https:\/\/surgiwell.de\/es\/productos\/","title":{"rendered":"Productos"},"content":{"rendered":"<p>[et_pb_section fb_built=\u00bb1&#8243; _builder_version=\u00bb4.27.4&#8243; _module_preset=\u00bbdefault\u00bb use_background_color_gradient=\u00bbon\u00bb background_color_gradient_stops=\u00bb#194453 0%|rgba(25,68,83,0.41) 100%\u00bb background_color_gradient_overlays_image=\u00bbon\u00bb background_image=\u00bbhttps:\/\/surgiwell.de\/wp-content\/uploads\/2024\/12\/dental1-1.jpg\u00bb custom_padding=\u00bb||114px|||\u00bb global_colors_info=\u00bb{}\u00bb theme_builder_area=\u00bbpost_content\u00bb][et_pb_row _builder_version=\u00bb4.27.3&#8243; _module_preset=\u00bbdefault\u00bb custom_margin=\u00bb89px|auto||auto||\u00bb global_colors_info=\u00bb{}\u00bb theme_builder_area=\u00bbpost_content\u00bb][et_pb_column type=\u00bb4_4&#8243; _builder_version=\u00bb4.27.3&#8243; _module_preset=\u00bbdefault\u00bb global_colors_info=\u00bb{}\u00bb theme_builder_area=\u00bbpost_content\u00bb][et_pb_text _builder_version=\u00bb4.27.4&#8243; _module_preset=\u00bbdefault\u00bb header_text_color=\u00bb#FFFFFF\u00bb global_colors_info=\u00bb{}\u00bb theme_builder_area=\u00bbpost_content\u00bb]<\/p>\n<h1>Nuestro programa de productos y entregas<\/h1>\n<p>[\/et_pb_text][et_pb_text _builder_version=\u00bb4.27.3&#8243; _module_preset=\u00bb3e83f499-176e-4acc-8640-6af9b2812c42&#8243; text_font=\u00bb&#8211;et_global_body_font||||||||\u00bb text_text_color=\u00bb#FFFFFF\u00bb text_font_size=\u00bb1.8em\u00bb text_line_height=\u00bb1.5em\u00bb custom_margin=\u00bb||44px|||\u00bb text_font_size_tablet=\u00bb1.5em\u00bb text_font_size_phone=\u00bb1.3em\u00bb text_font_size_last_edited=\u00bbon|phone\u00bb global_colors_info=\u00bb{}\u00bb theme_builder_area=\u00bbpost_content\u00bb]<\/p>\n<p>Precisi\u00f3n y seguridad. Certificado. <\/p>\n<p>[\/et_pb_text][\/et_pb_column][\/et_pb_row][\/et_pb_section][et_pb_section fb_built=\u00bb1&#8243; admin_label=\u00bbFeature\u00bb _builder_version=\u00bb4.20.0&#8243; _module_preset=\u00bbdefault\u00bb global_module=\u00bb6486&#8243; saved_tabs=\u00bball\u00bb collapsed=\u00bbon\u00bb global_colors_info=\u00bb{}\u00bb theme_builder_area=\u00bbpost_content\u00bb][et_pb_row _builder_version=\u00bb4.27.2&#8243; _module_preset=\u00bbdefault\u00bb global_colors_info=\u00bb{}\u00bb theme_builder_area=\u00bbpost_content\u00bb][et_pb_column type=\u00bb4_4&#8243; _builder_version=\u00bb4.20.0&#8243; _module_preset=\u00bbdefault\u00bb global_colors_info=\u00bb{}\u00bb theme_builder_area=\u00bbpost_content\u00bb][et_pb_text _builder_version=\u00bb4.27.2&#8243; _module_preset=\u00bb3fc6c432-98f6-403d-a495-cb7b8bfc2639&#8243; header_font=\u00bb&#8211;et_global_heading_font|700|||||||\u00bb header_text_color=\u00bb#FFFFFF\u00bb header_2_font=\u00bb&#8211;et_global_heading_font|700|||||||\u00bb header_2_text_color=\u00bb#60BB44&#8243; header_2_font_size=\u00bb3em\u00bb header_2_line_height=\u00bb1.2em\u00bb custom_margin=\u00bb||10px||false|false\u00bb global_colors_info=\u00bb{}\u00bb theme_builder_area=\u00bbpost_content\u00bb]<\/p>\n<h2>Tecnolog\u00eda m\u00e9dica de SURGIWELL<\/h2>\n<p>[\/et_pb_text][et_pb_text _builder_version=\u00bb4.27.2&#8243; _module_preset=\u00bb3e83f499-176e-4acc-8640-6af9b2812c42&#8243; text_font=\u00bb&#8211;et_global_body_font||||||||\u00bb text_text_color=\u00bb#074657&#8243; text_font_size=\u00bb1.3em\u00bb text_line_height=\u00bb1.5em\u00bb custom_margin=\u00bb||44px|||\u00bb text_font_size_tablet=\u00bb1.5em\u00bb text_font_size_phone=\u00bb1em\u00bb text_font_size_last_edited=\u00bbon|phone\u00bb global_colors_info=\u00bb{}\u00bb theme_builder_area=\u00bbpost_content\u00bb]<\/p>\n<p>Llevamos m\u00e1s de 30 a\u00f1os colaborando con la tecnolog\u00eda m\u00e9dica y el instrumental quir\u00fargico de Tuttlingen. Nuestro compromiso con la m\u00e1xima calidad y la innovaci\u00f3n continua nos ha convertido en un nombre de confianza en el sector y estamos orgullosos de ofrecer soluciones de vanguardia que cumplen los est\u00e1ndares m\u00e1s exigentes. <\/p>\n<p>[\/et_pb_text][\/et_pb_column][\/et_pb_row][et_pb_row column_structure=\u00bb1_2,1_2&#8243; _builder_version=\u00bb4.27.4&#8243; _module_preset=\u00bbdefault\u00bb global_colors_info=\u00bb{}\u00bb theme_builder_area=\u00bbpost_content\u00bb][et_pb_column type=\u00bb1_2&#8243; _builder_version=\u00bb4.27.4&#8243; _module_preset=\u00bbdefault\u00bb background_color=\u00bb#194453&#8243; link_option_url=\u00bbhttps:\/\/surgiwell.de\/es\/instrumental-quirurgico\/\u00bb global_colors_info=\u00bb{}\u00bb theme_builder_area=\u00bbpost_content\u00bb][et_pb_blurb title=\u00bbInstrumental quir\u00fargico\u00bb image=\u00bbhttps:\/\/surgiwell.de\/wp-content\/uploads\/2024\/12\/SURGICAL_Instruments_Forceps.jpg\u00bb _builder_version=\u00bb4.27.4&#8243; _module_preset=\u00bbdefault\u00bb header_font=\u00bb|||on|||||\u00bb header_text_color=\u00bb#FFFFFF\u00bb header_font_size=\u00bb1.6em\u00bb custom_margin=\u00bb||||false|false\u00bb custom_padding=\u00bb|||8px|false|false\u00bb header_font_size_tablet=\u00bb\u00bb header_font_size_phone=\u00bb1.2em\u00bb header_font_size_last_edited=\u00bbon|phone\u00bb global_colors_info=\u00bb{}\u00bb theme_builder_area=\u00bbpost_content\u00bb][\/et_pb_blurb][\/et_pb_column][et_pb_column type=\u00bb1_2&#8243; _builder_version=\u00bb4.27.4&#8243; _module_preset=\u00bbdefault\u00bb background_color=\u00bb#194453&#8243; link_option_url=\u00bbhttps:\/\/surgiwell.de\/es\/instrumental-de-microcirugia\/\u00bb global_colors_info=\u00bb{}\u00bb theme_builder_area=\u00bbpost_content\u00bb][et_pb_blurb title=\u00bbInstrumental de microcirug\u00eda\u00bb image=\u00bbhttps:\/\/surgiwell.de\/wp-content\/uploads\/2024\/12\/ofthamology.webp\u00bb _builder_version=\u00bb4.27.4&#8243; _module_preset=\u00bbdefault\u00bb header_font=\u00bb|||on|||||\u00bb header_text_color=\u00bb#FFFFFF\u00bb header_font_size=\u00bb1.6em\u00bb custom_margin=\u00bb||||false|false\u00bb custom_padding=\u00bb|||8px|false|false\u00bb header_font_size_tablet=\u00bb\u00bb header_font_size_phone=\u00bb1.2em\u00bb header_font_size_last_edited=\u00bbon|phone\u00bb global_colors_info=\u00bb{}\u00bb theme_builder_area=\u00bbpost_content\u00bb][\/et_pb_blurb][\/et_pb_column][\/et_pb_row][et_pb_row column_structure=\u00bb1_2,1_2&#8243; _builder_version=\u00bb4.27.4&#8243; _module_preset=\u00bbdefault\u00bb global_colors_info=\u00bb{}\u00bb theme_builder_area=\u00bbpost_content\u00bb][et_pb_column type=\u00bb1_2&#8243; _builder_version=\u00bb4.27.4&#8243; _module_preset=\u00bbdefault\u00bb background_color=\u00bb#194453&#8243; link_option_url=\u00bbhttps:\/\/surgiwell.de\/vaskulaere-und-thorakale-chirurgie\/\u00bb global_colors_info=\u00bb{}\u00bb theme_builder_area=\u00bbpost_content\u00bb][et_pb_blurb title=\u00bbCirug\u00eda vascular y tor\u00e1cica\u00bb image=\u00bbhttps:\/\/surgiwell.de\/wp-content\/uploads\/2024\/12\/Vascular-and-thoracic-surgery.webp\u00bb _builder_version=\u00bb4.27.4&#8243; _module_preset=\u00bbdefault\u00bb header_font=\u00bb|||on|||||\u00bb header_text_color=\u00bb#FFFFFF\u00bb header_font_size=\u00bb1.6em\u00bb custom_margin=\u00bb||||false|false\u00bb custom_padding=\u00bb|||8px|false|false\u00bb header_font_size_tablet=\u00bb\u00bb header_font_size_phone=\u00bb1.2em\u00bb header_font_size_last_edited=\u00bbon|phone\u00bb global_colors_info=\u00bb{}\u00bb theme_builder_area=\u00bbpost_content\u00bb][\/et_pb_blurb][\/et_pb_column][et_pb_column type=\u00bb1_2&#8243; _builder_version=\u00bb4.27.4&#8243; _module_preset=\u00bbdefault\u00bb background_color=\u00bb#194453&#8243; link_option_url=\u00bbhttps:\/\/surgiwell.de\/es\/orl-otorrinolaringologia\/\u00bb global_colors_info=\u00bb{}\u00bb theme_builder_area=\u00bbpost_content\u00bb][et_pb_blurb title=\u00bbORL (otorrinolaringolog\u00eda)\u00bb image=\u00bbhttps:\/\/surgiwell.de\/wp-content\/uploads\/2024\/11\/IMG_1659-scaled-1.webp\u00bb _builder_version=\u00bb4.27.4&#8243; _module_preset=\u00bbdefault\u00bb header_font=\u00bb|||on|||||\u00bb header_text_color=\u00bb#FFFFFF\u00bb header_font_size=\u00bb1.6em\u00bb custom_margin=\u00bb||||false|false\u00bb custom_padding=\u00bb|||8px|false|false\u00bb header_font_size_tablet=\u00bb\u00bb header_font_size_phone=\u00bb1.2em\u00bb header_font_size_last_edited=\u00bbon|phone\u00bb global_colors_info=\u00bb{}\u00bb theme_builder_area=\u00bbpost_content\u00bb][\/et_pb_blurb][\/et_pb_column][\/et_pb_row][et_pb_row column_structure=\u00bb1_2,1_2&#8243; _builder_version=\u00bb4.27.4&#8243; _module_preset=\u00bbdefault\u00bb global_colors_info=\u00bb{}\u00bb theme_builder_area=\u00bbpost_content\u00bb][et_pb_column type=\u00bb1_2&#8243; _builder_version=\u00bb4.27.4&#8243; _module_preset=\u00bbdefault\u00bb background_color=\u00bb#194453&#8243; link_option_url=\u00bbhttps:\/\/surgiwell.de\/es\/cirugia-plastica\/\u00bb global_colors_info=\u00bb{}\u00bb theme_builder_area=\u00bbpost_content\u00bb][et_pb_blurb title=\u00bbCirug\u00eda pl\u00e1stica\u00bb image=\u00bbhttps:\/\/surgiwell.de\/wp-content\/uploads\/2024\/12\/SURGICAL_Instruments_needle-holders-TC.jpg\u00bb _builder_version=\u00bb4.27.4&#8243; _module_preset=\u00bbdefault\u00bb header_font=\u00bb|||on|||||\u00bb header_text_color=\u00bb#FFFFFF\u00bb header_font_size=\u00bb1.6em\u00bb custom_margin=\u00bb||||false|false\u00bb custom_padding=\u00bb|||8px|false|false\u00bb header_font_size_tablet=\u00bb\u00bb header_font_size_phone=\u00bb1.2em\u00bb header_font_size_last_edited=\u00bbon|phone\u00bb global_colors_info=\u00bb{}\u00bb theme_builder_area=\u00bbpost_content\u00bb][\/et_pb_blurb][\/et_pb_column][et_pb_column type=\u00bb1_2&#8243; _builder_version=\u00bb4.27.4&#8243; _module_preset=\u00bbdefault\u00bb background_color=\u00bb#194453&#8243; link_option_url=\u00bbhttps:\/\/surgiwell.de\/es\/cirugia-osea\/\u00bb global_colors_info=\u00bb{}\u00bb theme_builder_area=\u00bbpost_content\u00bb][et_pb_blurb title=\u00bbCirug\u00eda \u00f3sea\u00bb image=\u00bbhttps:\/\/surgiwell.de\/wp-content\/uploads\/2024\/12\/Bone-Surgery.webp\u00bb _builder_version=\u00bb4.27.4&#8243; _module_preset=\u00bbdefault\u00bb header_font=\u00bb|||on|||||\u00bb header_text_color=\u00bb#FFFFFF\u00bb header_font_size=\u00bb1.6em\u00bb custom_margin=\u00bb||||false|false\u00bb custom_padding=\u00bb|||8px|false|false\u00bb header_font_size_tablet=\u00bb\u00bb header_font_size_phone=\u00bb1.2em\u00bb header_font_size_last_edited=\u00bbon|phone\u00bb global_colors_info=\u00bb{}\u00bb theme_builder_area=\u00bbpost_content\u00bb][\/et_pb_blurb][\/et_pb_column][\/et_pb_row][et_pb_row column_structure=\u00bb1_2,1_2&#8243; _builder_version=\u00bb4.27.4&#8243; _module_preset=\u00bbdefault\u00bb global_colors_info=\u00bb{}\u00bb theme_builder_area=\u00bbpost_content\u00bb][et_pb_column type=\u00bb1_2&#8243; _builder_version=\u00bb4.27.4&#8243; _module_preset=\u00bbdefault\u00bb background_color=\u00bb#194453&#8243; link_option_url=\u00bbhttps:\/\/surgiwell.de\/es\/cirugia-oral-y-maxilofacial\/\u00bb global_colors_info=\u00bb{}\u00bb theme_builder_area=\u00bbpost_content\u00bb][et_pb_blurb title=\u00bbCirug\u00eda oral y maxilofacial\u00bb image=\u00bbhttps:\/\/surgiwell.de\/wp-content\/uploads\/2024\/12\/Maxillo-Facial-Surgery.webp\u00bb _builder_version=\u00bb4.27.4&#8243; _module_preset=\u00bbdefault\u00bb header_font=\u00bb|||on|||||\u00bb header_text_color=\u00bb#FFFFFF\u00bb header_font_size=\u00bb1.6em\u00bb custom_margin=\u00bb||||false|false\u00bb custom_padding=\u00bb|||8px|false|false\u00bb header_font_size_tablet=\u00bb\u00bb header_font_size_phone=\u00bb1.2em\u00bb header_font_size_last_edited=\u00bbon|phone\u00bb global_colors_info=\u00bb{}\u00bb theme_builder_area=\u00bbpost_content\u00bb][\/et_pb_blurb][\/et_pb_column][et_pb_column type=\u00bb1_2&#8243; _builder_version=\u00bb4.27.4&#8243; _module_preset=\u00bbdefault\u00bb background_color=\u00bb#194453&#8243; link_option_url=\u00bbhttps:\/\/surgiwell.de\/es\/ginecologia\/\u00bb global_colors_info=\u00bb{}\u00bb theme_builder_area=\u00bbpost_content\u00bb][et_pb_blurb title=\u00bbGinecolog\u00eda\u00bb image=\u00bbhttps:\/\/surgiwell.de\/wp-content\/uploads\/2024\/12\/Gynecology.webp\u00bb _builder_version=\u00bb4.27.4&#8243; _module_preset=\u00bbdefault\u00bb header_font=\u00bb|||on|||||\u00bb header_text_color=\u00bb#FFFFFF\u00bb header_font_size=\u00bb1.6em\u00bb custom_margin=\u00bb||||false|false\u00bb custom_padding=\u00bb|||8px|false|false\u00bb header_font_size_tablet=\u00bb\u00bb header_font_size_phone=\u00bb1.2em\u00bb header_font_size_last_edited=\u00bbon|phone\u00bb global_colors_info=\u00bb{}\u00bb theme_builder_area=\u00bbpost_content\u00bb][\/et_pb_blurb][\/et_pb_column][\/et_pb_row][et_pb_row column_structure=\u00bb1_2,1_2&#8243; _builder_version=\u00bb4.27.4&#8243; _module_preset=\u00bbdefault\u00bb global_colors_info=\u00bb{}\u00bb theme_builder_area=\u00bbpost_content\u00bb][et_pb_column type=\u00bb1_2&#8243; _builder_version=\u00bb4.27.4&#8243; _module_preset=\u00bbdefault\u00bb background_color=\u00bb#194453&#8243; link_option_url=\u00bbhttps:\/\/surgiwell.de\/es\/geburtshilfe-2\/\u00bb global_colors_info=\u00bb{}\u00bb theme_builder_area=\u00bbpost_content\u00bb][et_pb_blurb title=\u00bbGeburtshilfe\u00bb image=\u00bbhttps:\/\/surgiwell.de\/wp-content\/uploads\/2024\/12\/Obstetrics.webp\u00bb _builder_version=\u00bb4.27.4&#8243; _module_preset=\u00bbdefault\u00bb header_font=\u00bb|||on|||||\u00bb header_text_color=\u00bb#FFFFFF\u00bb header_font_size=\u00bb1.6em\u00bb custom_margin=\u00bb||||false|false\u00bb custom_padding=\u00bb|||8px|false|false\u00bb header_font_size_tablet=\u00bb\u00bb header_font_size_phone=\u00bb1.2em\u00bb header_font_size_last_edited=\u00bbon|phone\u00bb global_colors_info=\u00bb{}\u00bb theme_builder_area=\u00bbpost_content\u00bb][\/et_pb_blurb][\/et_pb_column][et_pb_column type=\u00bb1_2&#8243; _builder_version=\u00bb4.27.4&#8243; _module_preset=\u00bbdefault\u00bb background_color=\u00bb#194453&#8243; link_option_url=\u00bbhttps:\/\/surgiwell.de\/es\/ginecologia\/\u00bb global_colors_info=\u00bb{}\u00bb theme_builder_area=\u00bbpost_content\u00bb][et_pb_blurb title=\u00bbTonsillektomie\u00bb image=\u00bbhttps:\/\/surgiwell.de\/wp-content\/uploads\/2024\/12\/tonsill.jpg\u00bb _builder_version=\u00bb4.27.4&#8243; _module_preset=\u00bbdefault\u00bb header_font=\u00bb|||on|||||\u00bb header_text_color=\u00bb#FFFFFF\u00bb header_font_size=\u00bb1.6em\u00bb custom_margin=\u00bb||||false|false\u00bb custom_padding=\u00bb|||8px|false|false\u00bb header_font_size_tablet=\u00bb\u00bb header_font_size_phone=\u00bb1.2em\u00bb header_font_size_last_edited=\u00bbon|phone\u00bb global_colors_info=\u00bb{}\u00bb theme_builder_area=\u00bbpost_content\u00bb][\/et_pb_blurb][\/et_pb_column][\/et_pb_row][et_pb_row column_structure=\u00bb1_2,1_2&#8243; _builder_version=\u00bb4.27.4&#8243; _module_preset=\u00bbdefault\u00bb global_colors_info=\u00bb{}\u00bb theme_builder_area=\u00bbpost_content\u00bb][et_pb_column type=\u00bb1_2&#8243; _builder_version=\u00bb4.27.4&#8243; _module_preset=\u00bbdefault\u00bb background_color=\u00bb#194453&#8243; link_option_url=\u00bbhttps:\/\/surgiwell.de\/es\/otologia\/\u00bb global_colors_info=\u00bb{}\u00bb theme_builder_area=\u00bbpost_content\u00bb][et_pb_blurb title=\u00bbOtolog\u00eda\u00bb image=\u00bbhttps:\/\/surgiwell.de\/wp-content\/uploads\/2024\/12\/ORL-Otology.webp\u00bb _builder_version=\u00bb4.27.4&#8243; _module_preset=\u00bbdefault\u00bb header_font=\u00bb|||on|||||\u00bb header_text_color=\u00bb#FFFFFF\u00bb header_font_size=\u00bb1.6em\u00bb custom_margin=\u00bb||||false|false\u00bb custom_padding=\u00bb|||8px|false|false\u00bb header_font_size_tablet=\u00bb\u00bb header_font_size_phone=\u00bb1.2em\u00bb header_font_size_last_edited=\u00bbon|phone\u00bb global_colors_info=\u00bb{}\u00bb theme_builder_area=\u00bbpost_content\u00bb][\/et_pb_blurb][\/et_pb_column][et_pb_column type=\u00bb1_2&#8243; _builder_version=\u00bb4.27.4&#8243; _module_preset=\u00bbdefault\u00bb background_color=\u00bb#194453&#8243; link_option_url=\u00bbhttps:\/\/surgiwell.de\/rhinologie\/\u00bb global_colors_info=\u00bb{}\u00bb theme_builder_area=\u00bbpost_content\u00bb][et_pb_blurb title=\u00bbRhinologie\u00bb image=\u00bbhttps:\/\/surgiwell.de\/wp-content\/uploads\/2024\/12\/Rhinology.jpg\u00bb _builder_version=\u00bb4.27.4&#8243; _module_preset=\u00bbdefault\u00bb header_font=\u00bb|||on|||||\u00bb header_text_color=\u00bb#FFFFFF\u00bb header_font_size=\u00bb1.6em\u00bb custom_margin=\u00bb||||false|false\u00bb custom_padding=\u00bb|||8px|false|false\u00bb header_font_size_tablet=\u00bb\u00bb header_font_size_phone=\u00bb1.2em\u00bb header_font_size_last_edited=\u00bbon|phone\u00bb global_colors_info=\u00bb{}\u00bb theme_builder_area=\u00bbpost_content\u00bb][\/et_pb_blurb][\/et_pb_column][\/et_pb_row][et_pb_row column_structure=\u00bb1_2,1_2&#8243; _builder_version=\u00bb4.27.4&#8243; _module_preset=\u00bbdefault\u00bb global_colors_info=\u00bb{}\u00bb theme_builder_area=\u00bbpost_content\u00bb][et_pb_column type=\u00bb1_2&#8243; _builder_version=\u00bb4.27.4&#8243; _module_preset=\u00bbdefault\u00bb background_color=\u00bb#194453&#8243; link_option_url=\u00bbhttps:\/\/surgiwell.de\/es\/oftalmologia\/\u00bb global_colors_info=\u00bb{}\u00bb theme_builder_area=\u00bbpost_content\u00bb][et_pb_blurb title=\u00bbOftalmolog\u00eda\u00bb image=\u00bbhttps:\/\/surgiwell.de\/wp-content\/uploads\/2024\/12\/ofthamology.jpg\u00bb _builder_version=\u00bb4.27.4&#8243; _module_preset=\u00bbdefault\u00bb header_font=\u00bb|||on|||||\u00bb header_text_color=\u00bb#FFFFFF\u00bb header_font_size=\u00bb1.6em\u00bb custom_margin=\u00bb||||false|false\u00bb custom_padding=\u00bb|||8px|false|false\u00bb header_font_size_tablet=\u00bb\u00bb header_font_size_phone=\u00bb1.2em\u00bb header_font_size_last_edited=\u00bbon|phone\u00bb global_colors_info=\u00bb{}\u00bb theme_builder_area=\u00bbpost_content\u00bb][\/et_pb_blurb][\/et_pb_column][et_pb_column type=\u00bb1_2&#8243; _builder_version=\u00bb4.27.4&#8243; _module_preset=\u00bbdefault\u00bb background_color=\u00bb#194453&#8243; link_option_url=\u00bbhttps:\/\/surgiwell.de\/es\/contenedores-y-recipiente\/\u00bb global_colors_info=\u00bb{}\u00bb theme_builder_area=\u00bbpost_content\u00bb][et_pb_blurb title=\u00bbContenedores y Recipiente\u00bb image=\u00bbhttps:\/\/surgiwell.de\/wp-content\/uploads\/2024\/12\/containers.jpg\u00bb _builder_version=\u00bb4.27.4&#8243; _module_preset=\u00bbdefault\u00bb header_font=\u00bb|||on|||||\u00bb header_text_color=\u00bb#FFFFFF\u00bb header_font_size=\u00bb1.6em\u00bb custom_margin=\u00bb||||false|false\u00bb custom_padding=\u00bb|||8px|false|false\u00bb header_font_size_tablet=\u00bb\u00bb header_font_size_phone=\u00bb1.2em\u00bb header_font_size_last_edited=\u00bbon|phone\u00bb global_colors_info=\u00bb{}\u00bb theme_builder_area=\u00bbpost_content\u00bb][\/et_pb_blurb][\/et_pb_column][\/et_pb_row][et_pb_row column_structure=\u00bb1_2,1_2&#8243; _builder_version=\u00bb4.27.4&#8243; _module_preset=\u00bbdefault\u00bb global_colors_info=\u00bb{}\u00bb theme_builder_area=\u00bbpost_content\u00bb][et_pb_column type=\u00bb1_2&#8243; _builder_version=\u00bb4.27.4&#8243; _module_preset=\u00bbdefault\u00bb background_color=\u00bb#194453&#8243; link_option_url=\u00bbhttps:\/\/surgiwell.de\/zahnaerztliche-instrumente\/\u00bb global_colors_info=\u00bb{}\u00bb theme_builder_area=\u00bbpost_content\u00bb][et_pb_blurb title=\u00bbInstrumentos dentales\u00bb image=\u00bbhttps:\/\/surgiwell.de\/wp-content\/uploads\/2024\/12\/dental1.jpg\u00bb _builder_version=\u00bb4.27.4&#8243; _module_preset=\u00bbdefault\u00bb header_font=\u00bb|||on|||||\u00bb header_text_color=\u00bb#FFFFFF\u00bb header_font_size=\u00bb1.6em\u00bb custom_margin=\u00bb||||false|false\u00bb custom_padding=\u00bb|||8px|false|false\u00bb header_font_size_tablet=\u00bb\u00bb header_font_size_phone=\u00bb1.2em\u00bb header_font_size_last_edited=\u00bbon|phone\u00bb global_colors_info=\u00bb{}\u00bb theme_builder_area=\u00bbpost_content\u00bb][\/et_pb_blurb][\/et_pb_column][et_pb_column type=\u00bb1_2&#8243; _builder_version=\u00bb4.27.4&#8243; _module_preset=\u00bbdefault\u00bb background_color=\u00bb#FFFFFF\u00bb link_option_url=\u00bbhttps:\/\/surgiwell.de\/es\/contenedores-y-recipiente\/\u00bb global_colors_info=\u00bb{}\u00bb theme_builder_area=\u00bbpost_content\u00bb][\/et_pb_column][\/et_pb_row][\/et_pb_section]<\/p>\n","protected":false},"excerpt":{"rendered":"<p>Nuestro programa de productos y entregasPrecisi\u00f3n y seguridad. Certificado. Tecnolog\u00eda m\u00e9dica de SURGIWELLLlevamos m\u00e1s de 30 a\u00f1os colaborando con la tecnolog\u00eda m\u00e9dica y el instrumental quir\u00fargico de Tuttlingen. Nuestro compromiso con la m\u00e1xima calidad y la innovaci\u00f3n continua nos ha convertido en un nombre de confianza en el sector y estamos orgullosos de ofrecer soluciones [&hellip;]<\/p>\n","protected":false},"author":7,"featured_media":0,"parent":0,"menu_order":0,"comment_status":"closed","ping_status":"closed","template":"","meta":{"_et_pb_use_builder":"on","_et_pb_old_content":"","_et_gb_content_width":"","footnotes":""},"class_list":["post-8075","page","type-page","status-publish","hentry"],"_links":{"self":[{"href":"https:\/\/surgiwell.de\/es\/wp-json\/wp\/v2\/pages\/8075","targetHints":{"allow":["GET"]}}],"collection":[{"href":"https:\/\/surgiwell.de\/es\/wp-json\/wp\/v2\/pages"}],"about":[{"href":"https:\/\/surgiwell.de\/es\/wp-json\/wp\/v2\/types\/page"}],"author":[{"embeddable":true,"href":"https:\/\/surgiwell.de\/es\/wp-json\/wp\/v2\/users\/7"}],"replies":[{"embeddable":true,"href":"https:\/\/surgiwell.de\/es\/wp-json\/wp\/v2\/comments?post=8075"}],"version-history":[{"count":5,"href":"https:\/\/surgiwell.de\/es\/wp-json\/wp\/v2\/pages\/8075\/revisions"}],"predecessor-version":[{"id":8126,"href":"https:\/\/surgiwell.de\/es\/wp-json\/wp\/v2\/pages\/8075\/revisions\/8126"}],"wp:attachment":[{"href":"https:\/\/surgiwell.de\/es\/wp-json\/wp\/v2\/media?parent=8075"}],"curies":[{"name":"wp","href":"https:\/\/api.w.org\/{rel}","templated":true}]}}