{"id":8066,"date":"2024-11-15T09:42:49","date_gmt":"2024-11-15T08:42:49","guid":{"rendered":"https:\/\/surgiwell.de\/orl-otorrinolaringologia\/"},"modified":"2025-01-14T11:45:14","modified_gmt":"2025-01-14T10:45:14","slug":"orl-otorrinolaringologia","status":"publish","type":"page","link":"https:\/\/surgiwell.de\/es\/orl-otorrinolaringologia\/","title":{"rendered":"ORL (otorrinolaringolog\u00eda)"},"content":{"rendered":"<p>[et_pb_section fb_built=\u00bb1&#8243; _builder_version=\u00bb4.27.3&#8243; _module_preset=\u00bbdefault\u00bb background_color=\u00bb#68AE23&#8243; background_enable_image=\u00bboff\u00bb custom_padding=\u00bb18px||9px|||\u00bb global_colors_info=\u00bb{}\u00bb][et_pb_row _builder_version=\u00bb4.27.3&#8243; _module_preset=\u00bbdefault\u00bb custom_margin=\u00bb1px|auto||auto||\u00bb global_colors_info=\u00bb{}\u00bb][et_pb_column type=\u00bb4_4&#8243; _builder_version=\u00bb4.27.3&#8243; _module_preset=\u00bbdefault\u00bb global_colors_info=\u00bb{}\u00bb][et_pb_text _builder_version=\u00bb4.27.4&#8243; _module_preset=\u00bbdefault\u00bb header_font=\u00bb&#8211;et_global_body_font|700|||||||\u00bb header_text_color=\u00bb#FFFFFF\u00bb header_font_size=\u00bb3.5em\u00bb header_line_height=\u00bb1.2em\u00bb custom_margin=\u00bb26px|||||\u00bb header_font_size_phone=\u00bb2em\u00bb global_colors_info=\u00bb{}\u00bb]<\/p>\n<h1>ORL (otorrinolaringolog\u00eda)<\/h1>\n<p>[\/et_pb_text][\/et_pb_column][\/et_pb_row][\/et_pb_section][et_pb_section fb_built=\u00bb1&#8243; admin_label=\u00bbFeature\u00bb _builder_version=\u00bb4.27.3&#8243; _module_preset=\u00bbdefault\u00bb background_enable_image=\u00bboff\u00bb background_position=\u00bbtop_center\u00bb custom_padding=\u00bb||54px|||\u00bb collapsed=\u00bbon\u00bb global_colors_info=\u00bb{}\u00bb][et_pb_row column_structure=\u00bb1_2,1_2&#8243; _builder_version=\u00bb4.27.3&#8243; _module_preset=\u00bbdefault\u00bb custom_margin=\u00bb24px|auto||auto||\u00bb custom_padding=\u00bb||73px|||\u00bb global_colors_info=\u00bb{}\u00bb][et_pb_column type=\u00bb1_2&#8243; _builder_version=\u00bb4.20.0&#8243; _module_preset=\u00bbdefault\u00bb global_colors_info=\u00bb{}\u00bb][et_pb_text _builder_version=\u00bb4.27.4&#8243; _module_preset=\u00bb3e83f499-176e-4acc-8640-6af9b2812c42&#8243; text_font=\u00bb&#8211;et_global_body_font||||||||\u00bb text_text_color=\u00bb#074657&#8243; text_font_size=\u00bb1.3em\u00bb text_line_height=\u00bb1.5em\u00bb custom_margin=\u00bb||27px|||\u00bb text_font_size_tablet=\u00bb1.5em\u00bb text_font_size_phone=\u00bb1em\u00bb text_font_size_last_edited=\u00bbon|phone\u00bb global_colors_info=\u00bb{}\u00bb]<\/p>\n<p>Especialista en instrumental para otorrinolaringolog\u00eda, SURGIWELL ofrece a los cirujanos soluciones a medida para el diagn\u00f3stico y el tratamiento de las enfermedades otorrinolaringol\u00f3gicas. Nuestros instrumentos son precisos, duraderos y est\u00e1n dise\u00f1ados para garantizar el tratamiento m\u00e1s suave posible de estructuras anat\u00f3micas sensibles.<\/p>\n<p>[\/et_pb_text][et_pb_text _builder_version=\u00bb4.27.4&#8243; _module_preset=\u00bb3e83f499-176e-4acc-8640-6af9b2812c42&#8243; text_font=\u00bb&#8211;et_global_body_font||||||||\u00bb text_text_color=\u00bb#074657&#8243; text_font_size=\u00bb1.3em\u00bb text_line_height=\u00bb1.5em\u00bb custom_margin=\u00bb||5px|||\u00bb custom_padding=\u00bb||30px|||\u00bb text_font_size_tablet=\u00bb1.5em\u00bb text_font_size_phone=\u00bb1em\u00bb text_font_size_last_edited=\u00bbon|phone\u00bb saved_tabs=\u00bball\u00bb global_colors_info=\u00bb{}\u00bb]<\/p>\n<p style=\"font-weight: 400;\"><strong><span>\u00a1Hable con nosotros!<\/span><\/strong><\/p>\n<p>Tel. +49 7461 9645791<br \/>Fax +49 7461 9645793<br \/>info@surgiwell.de<\/p>\n<p>[\/et_pb_text][et_pb_button button_url=\u00bbhttps:\/\/surgiwell.de\/es\/contacto\/\u00bb button_text=\u00bbFORMULARIO DE CONTACTO\u00bb _builder_version=\u00bb4.27.4&#8243; _module_preset=\u00bb1e808ad6-b814-4b04-bd67-507af4f146fb\u00bb button_text_color=\u00bb#FFFFFF\u00bb button_bg_color=\u00bb#68AE23&#8243; button_border_radius=\u00bb0px\u00bb button_font=\u00bb&#8211;et_global_body_font|700||on|||||\u00bb saved_tabs=\u00bball\u00bb global_colors_info=\u00bb{}\u00bb button_bg_color__hover_enabled=\u00bbon|desktop\u00bb button_bg_color__hover=\u00bb#194453&#8243; button_bg_enable_color__hover=\u00bbon\u00bb global_module=\u00bb8135&#8243; theme_builder_area=\u00bbpost_content\u00bb][\/et_pb_button][\/et_pb_column][et_pb_column type=\u00bb1_2&#8243; _builder_version=\u00bb4.20.0&#8243; _module_preset=\u00bbdefault\u00bb global_colors_info=\u00bb{}\u00bb][et_pb_image src=\u00bbhttps:\/\/surgiwell.de\/wp-content\/uploads\/2024\/12\/ORL-Otology.webp\u00bb title_text=\u00bbORL &#8211; Otology\u00bb _builder_version=\u00bb4.27.4&#8243; _module_preset=\u00bbdefault\u00bb global_colors_info=\u00bb{}\u00bb][\/et_pb_image][\/et_pb_column][\/et_pb_row][et_pb_row _builder_version=\u00bb4.27.3&#8243; _module_preset=\u00bbdefault\u00bb custom_padding=\u00bb||84px|||\u00bb global_colors_info=\u00bb{}\u00bb][et_pb_column type=\u00bb4_4&#8243; _builder_version=\u00bb4.27.3&#8243; _module_preset=\u00bbdefault\u00bb global_colors_info=\u00bb{}\u00bb][\/et_pb_column][\/et_pb_row][\/et_pb_section]<\/p>\n","protected":false},"excerpt":{"rendered":"<p>ORL (otorrinolaringolog\u00eda)Especialista en instrumental para otorrinolaringolog\u00eda, SURGIWELL ofrece a los cirujanos soluciones a medida para el diagn\u00f3stico y el tratamiento de las enfermedades otorrinolaringol\u00f3gicas. Nuestros instrumentos son precisos, duraderos y est\u00e1n dise\u00f1ados para garantizar el tratamiento m\u00e1s suave posible de estructuras anat\u00f3micas sensibles.\u00a1Hable con nosotros! Tel. +49 7461 9645791Fax +49 7461 9645793info@surgiwell.de<\/p>\n","protected":false},"author":7,"featured_media":0,"parent":0,"menu_order":0,"comment_status":"closed","ping_status":"closed","template":"","meta":{"_et_pb_use_builder":"on","_et_pb_old_content":"","_et_gb_content_width":"","footnotes":""},"class_list":["post-8066","page","type-page","status-publish","hentry"],"_links":{"self":[{"href":"https:\/\/surgiwell.de\/es\/wp-json\/wp\/v2\/pages\/8066","targetHints":{"allow":["GET"]}}],"collection":[{"href":"https:\/\/surgiwell.de\/es\/wp-json\/wp\/v2\/pages"}],"about":[{"href":"https:\/\/surgiwell.de\/es\/wp-json\/wp\/v2\/types\/page"}],"author":[{"embeddable":true,"href":"https:\/\/surgiwell.de\/es\/wp-json\/wp\/v2\/users\/7"}],"replies":[{"embeddable":true,"href":"https:\/\/surgiwell.de\/es\/wp-json\/wp\/v2\/comments?post=8066"}],"version-history":[{"count":4,"href":"https:\/\/surgiwell.de\/es\/wp-json\/wp\/v2\/pages\/8066\/revisions"}],"predecessor-version":[{"id":8139,"href":"https:\/\/surgiwell.de\/es\/wp-json\/wp\/v2\/pages\/8066\/revisions\/8139"}],"wp:attachment":[{"href":"https:\/\/surgiwell.de\/es\/wp-json\/wp\/v2\/media?parent=8066"}],"curies":[{"name":"wp","href":"https:\/\/api.w.org\/{rel}","templated":true}]}}