{"id":8054,"date":"2024-10-22T09:58:46","date_gmt":"2024-10-22T07:58:46","guid":{"rendered":"https:\/\/surgiwell.de\/empleo\/"},"modified":"2025-01-14T08:59:51","modified_gmt":"2025-01-14T07:59:51","slug":"empleo","status":"publish","type":"page","link":"https:\/\/surgiwell.de\/es\/empleo\/","title":{"rendered":"Empleo"},"content":{"rendered":"<p>[et_pb_section fb_built=\u00bb1&#8243; _builder_version=\u00bb4.27.3&#8243; _module_preset=\u00bbdefault\u00bb use_background_color_gradient=\u00bbon\u00bb background_color_gradient_stops=\u00bb#194453 0%|rgba(25,68,83,0.41) 100%\u00bb background_color_gradient_overlays_image=\u00bbon\u00bb background_image=\u00bbhttps:\/\/surgiwell.de\/wp-content\/uploads\/2024\/10\/team_surgiwell.webp\u00bb custom_padding=\u00bb||114px|||\u00bb global_colors_info=\u00bb{}\u00bb][et_pb_row _builder_version=\u00bb4.27.3&#8243; _module_preset=\u00bbdefault\u00bb custom_margin=\u00bb89px|auto||auto||\u00bb global_colors_info=\u00bb{}\u00bb][et_pb_column type=\u00bb4_4&#8243; _builder_version=\u00bb4.27.3&#8243; _module_preset=\u00bbdefault\u00bb global_colors_info=\u00bb{}\u00bb][et_pb_text _builder_version=\u00bb4.27.4&#8243; _module_preset=\u00bbdefault\u00bb global_colors_info=\u00bb{}\u00bb header_text_color=\u00bb#FFFFFF\u00bb hover_enabled=\u00bb0&#8243; sticky_enabled=\u00bb0&#8243;]<\/p>\n<h1>Su futuro con nosotros<\/h1>\n<p>[\/et_pb_text][et_pb_text _builder_version=\u00bb4.27.3&#8243; _module_preset=\u00bb3e83f499-176e-4acc-8640-6af9b2812c42&#8243; text_font=\u00bb&#8211;et_global_body_font||||||||\u00bb text_text_color=\u00bb#FFFFFF\u00bb text_font_size=\u00bb1.8em\u00bb text_line_height=\u00bb1.5em\u00bb custom_margin=\u00bb||44px|||\u00bb text_font_size_tablet=\u00bb1.5em\u00bb text_font_size_phone=\u00bb1.3em\u00bb text_font_size_last_edited=\u00bbon|phone\u00bb global_colors_info=\u00bb{}\u00bb]<\/p>\n<p>\u00a1D\u00e9 forma al futuro de la tecnolog\u00eda m\u00e9dica con nosotros! Forme parte de un equipo innovador que utiliza tecnolog\u00edas de vanguardia para mejorar la vida de millones de personas en todo el mundo. Descubra apasionantes oportunidades profesionales en un entorno din\u00e1mico.  <\/p>\n<p>[\/et_pb_text][\/et_pb_column][\/et_pb_row][\/et_pb_section][et_pb_section fb_built=\u00bb1&#8243; admin_label=\u00bbFeature\u00bb _builder_version=\u00bb4.27.3&#8243; _module_preset=\u00bbdefault\u00bb background_image=\u00bbhttps:\/\/surgiwell.de\/wp-content\/uploads\/2024\/11\/chirurgische_instrumente-Kopie.webp\u00bb background_position=\u00bbtop_center\u00bb custom_padding=\u00bb||262px|||\u00bb collapsed=\u00bbon\u00bb global_colors_info=\u00bb{}\u00bb][et_pb_row column_structure=\u00bb2_3,1_3&#8243; _builder_version=\u00bb4.27.3&#8243; _module_preset=\u00bbdefault\u00bb global_colors_info=\u00bb{}\u00bb][et_pb_column type=\u00bb2_3&#8243; _builder_version=\u00bb4.20.0&#8243; _module_preset=\u00bbdefault\u00bb global_colors_info=\u00bb{}\u00bb][et_pb_text _builder_version=\u00bb4.27.3&#8243; _module_preset=\u00bb3e83f499-176e-4acc-8640-6af9b2812c42&#8243; text_font=\u00bb&#8211;et_global_body_font||||||||\u00bb text_text_color=\u00bb#074657&#8243; text_font_size=\u00bb1.3em\u00bb text_line_height=\u00bb1.5em\u00bb custom_margin=\u00bb||44px|||\u00bb text_font_size_tablet=\u00bb1.5em\u00bb text_font_size_phone=\u00bb1em\u00bb text_font_size_last_edited=\u00bbon|phone\u00bb global_colors_info=\u00bb{}\u00bb]<\/p>\n<p><span>Todos los puestos est\u00e1n ocupados actualmente. <\/span><\/p>\n<p><span>No obstante, siempre nos complace recibir candidaturas espont\u00e1neas de talentos motivados que deseen unirse a nuestro equipo. Env\u00ede sus documentos de solicitud a <strong>info@surgiwell.de<\/strong> <\/span><\/p>\n<p>[\/et_pb_text][\/et_pb_column][et_pb_column type=\u00bb1_3&#8243; _builder_version=\u00bb4.20.0&#8243; _module_preset=\u00bbdefault\u00bb global_colors_info=\u00bb{}\u00bb][\/et_pb_column][\/et_pb_row][\/et_pb_section]<\/p>\n","protected":false},"excerpt":{"rendered":"<p>Su futuro con nosotros\u00a1D\u00e9 forma al futuro de la tecnolog\u00eda m\u00e9dica con nosotros! Forme parte de un equipo innovador que utiliza tecnolog\u00edas de vanguardia para mejorar la vida de millones de personas en todo el mundo. Descubra apasionantes oportunidades profesionales en un entorno din\u00e1mico. Todos los puestos est\u00e1n ocupados actualmente. No obstante, siempre nos complace [&hellip;]<\/p>\n","protected":false},"author":7,"featured_media":0,"parent":0,"menu_order":0,"comment_status":"closed","ping_status":"closed","template":"","meta":{"_et_pb_use_builder":"on","_et_pb_old_content":"","_et_gb_content_width":"","footnotes":""},"class_list":["post-8054","page","type-page","status-publish","hentry"],"_links":{"self":[{"href":"https:\/\/surgiwell.de\/es\/wp-json\/wp\/v2\/pages\/8054","targetHints":{"allow":["GET"]}}],"collection":[{"href":"https:\/\/surgiwell.de\/es\/wp-json\/wp\/v2\/pages"}],"about":[{"href":"https:\/\/surgiwell.de\/es\/wp-json\/wp\/v2\/types\/page"}],"author":[{"embeddable":true,"href":"https:\/\/surgiwell.de\/es\/wp-json\/wp\/v2\/users\/7"}],"replies":[{"embeddable":true,"href":"https:\/\/surgiwell.de\/es\/wp-json\/wp\/v2\/comments?post=8054"}],"version-history":[{"count":2,"href":"https:\/\/surgiwell.de\/es\/wp-json\/wp\/v2\/pages\/8054\/revisions"}],"predecessor-version":[{"id":8056,"href":"https:\/\/surgiwell.de\/es\/wp-json\/wp\/v2\/pages\/8054\/revisions\/8056"}],"wp:attachment":[{"href":"https:\/\/surgiwell.de\/es\/wp-json\/wp\/v2\/media?parent=8054"}],"curies":[{"name":"wp","href":"https:\/\/api.w.org\/{rel}","templated":true}]}}